{"id":3558,"date":"2022-09-10T21:58:18","date_gmt":"2022-09-10T19:58:18","guid":{"rendered":"http:\/\/socsluzbymc12.cz\/?page_id=3558"},"modified":"2022-09-10T21:58:22","modified_gmt":"2022-09-10T19:58:22","slug":"nabizene-sluzby","status":"publish","type":"page","link":"http:\/\/socsluzbymc12.cz\/?page_id=3558","title":{"rendered":"Nab\u00edzen\u00e9 slu\u017eby"},"content":{"rendered":"\n   \n    \n    \n    \n    \n  \n","protected":false},"excerpt":{"rendered":"","protected":false},"author":1,"featured_media":0,"parent":0,"menu_order":1,"comment_status":"closed","ping_status":"closed","template":"","meta":{"footnotes":""},"class_list":["post-3558","page","type-page","status-publish","hentry"],"_links":{"self":[{"href":"http:\/\/socsluzbymc12.cz\/index.php?rest_route=\/wp\/v2\/pages\/3558","targetHints":{"allow":["GET"]}}],"collection":[{"href":"http:\/\/socsluzbymc12.cz\/index.php?rest_route=\/wp\/v2\/pages"}],"about":[{"href":"http:\/\/socsluzbymc12.cz\/index.php?rest_route=\/wp\/v2\/types\/page"}],"author":[{"embeddable":true,"href":"http:\/\/socsluzbymc12.cz\/index.php?rest_route=\/wp\/v2\/users\/1"}],"replies":[{"embeddable":true,"href":"http:\/\/socsluzbymc12.cz\/index.php?rest_route=%2Fwp%2Fv2%2Fcomments&post=3558"}],"version-history":[{"count":1,"href":"http:\/\/socsluzbymc12.cz\/index.php?rest_route=\/wp\/v2\/pages\/3558\/revisions"}],"predecessor-version":[{"id":3562,"href":"http:\/\/socsluzbymc12.cz\/index.php?rest_route=\/wp\/v2\/pages\/3558\/revisions\/3562"}],"wp:attachment":[{"href":"http:\/\/socsluzbymc12.cz\/index.php?rest_route=%2Fwp%2Fv2%2Fmedia&parent=3558"}],"curies":[{"name":"wp","href":"https:\/\/api.w.org\/{rel}","templated":true}]}}