{"id":48,"date":"2011-10-30T13:19:09","date_gmt":"2011-10-30T13:19:09","guid":{"rendered":"http:\/\/www.socsluzbymc12.info\/?page_id=48"},"modified":"2026-04-30T10:40:23","modified_gmt":"2026-04-30T08:40:23","slug":"kluby-drive-narozenych","status":"publish","type":"page","link":"http:\/\/socsluzbymc12.cz\/?page_id=48","title":{"rendered":"Kluby d\u0159\u00edve narozen\u00fdch"},"content":{"rendered":"\n    \n    <section class=\"u-clearfix u-palette-1-light-3 u-section-2\" id=\"sec-21ca\">\n      <div class=\"u-clearfix u-sheet u-valign-middle u-sheet-1\">\n        <div class=\"data-layout-selected u-clearfix u-expanded-width u-layout-wrap u-layout-wrap-1\">\n          <div class=\"u-layout\">\n            <div class=\"u-layout-row\">\n              <div class=\"u-container-style u-layout-cell u-left-cell u-size-30 u-layout-cell-1\">\n                <div class=\"u-container-layout u-container-layout-1\">\n                  <img decoding=\"async\" class=\"u-image u-image-default u-image-1\" src=\"http:\/\/socsluzbymc12.cz\/wp-content\/uploads\/2024\/08\/obrazek-5.png\" alt=\"\" data-image-width=\"232\" data-image-height=\"271\">\n                  <h1 class=\"u-text u-text-body-color u-title u-text-1\">\n                    <span style=\"font-style: italic;\">- Kluby d\u0159\u00edve narozen\u00fdch<br>\n                    <\/span>\n                  <\/h1>\n                  <p class=\"u-text u-text-black u-text-2\">\n                    <span style=\"font-weight: 700;\">Kontakt<\/span>\n                    <br>\n                    <br>Vedouc\u00ed - Kluby d\u0159\u00edve narozen\u00fdch<br>\n                    <br>Kate\u0159ina Vonkov\u00e1<br>vonkova@socsluzbymc12.cz, seniorkluby@seznam.cz<br>tel.: 241 713 575<br>\n                    <br>Pod\u00e1n\u00ed informac\u00ed kdykoli: pond\u011bl\u00ed \u2013 p\u00e1tek<br>\u00da\u0159edn\u00ed hodiny: pond\u011bl\u00ed, st\u0159eda 8.00 \u2013 18.00 hod., tel.: 241 713 575<br>\n                    <br>\n                  <\/p>\n                <\/div>\n              <\/div>\n              <div class=\"u-container-style u-layout-cell u-palette-1-light-2 u-radius-15 u-right-cell u-shape-round u-size-30 u-layout-cell-2\">\n                <div class=\"u-container-layout u-container-layout-2\">\n                  <p class=\"u-text u-text-black u-text-3\">\n                    <br>N\u00e1zev organiza\u010dn\u00ed jednotky: Kluby d\u0159\u00edve narozen\u00fdch \/KDN\/<br> Adresa: centr\u00e1ln\u00ed Olbramovick\u00e1 703, Praha 4<br>\n                    <br>\n                    <span style=\"font-weight: 700;\">Adresy, na kter\u00fdch se kluby sch\u00e1zej\u00ed: <\/span>\n                    <br>\n                    <br>\n                    <span style=\"font-weight: 700;\">KDN Olbramovick\u00e1<\/span>\n                    <br>Olbramovick\u00e1 703, Praha 4 <br>Setk\u00e1v\u00e1n\u00ed: \u00dater\u00fd 14.00 - 16.00<br>Kapacita: 20<br>\n                    <br>\n                    <span style=\"font-weight: 700;\">KDN J. Jovkova<br>\n                    <\/span>Pod Sady 170, Praha 4 <br>Setk\u00e1v\u00e1n\u00ed: \u00dater\u00fd 14.00 - 16.00<br>Kapacita: 25<br>\n                    <br>\n                    <span style=\"font-weight: 700;\">KDN Mod\u0159anka <br>\n                    <\/span>Darwinova 450\/24, Praha 4 <br>Setk\u00e1v\u00e1n\u00ed: Pond\u011bl\u00ed 13.00 - 15.00<br>Kapacita: 25<br>\n                    <br>\n                    <span style=\"font-weight: 700;\">KDN Podskal\u00e1k<br>\n                    <\/span>Pod Sady 170, Praha 4<br>Setk\u00e1v\u00e1n\u00ed: Pond\u011bl\u00ed 14.00 - 16.00<br>Kapacita: 25<br>\n                    <br>\n                    <span style=\"font-weight: 700;\">KDN Otava<br>\n                    <\/span>Pertoldova 3346, Praha 4<br>Setk\u00e1v\u00e1n\u00ed: St\u0159eda 13.00 - 15.30 <br>Kapacita: 50<br>\n                    <br>\n                    <span style=\"font-weight: 700;\">KDN Cvi\u010d\u00edc\u00edch senior\u016f<\/span>&nbsp; <br>Pertoldova 3346, Praha 4<br>Setk\u00e1v\u00e1n\u00ed: St\u0159eda 9.00 - 10.00 <br>Kapacita: 25<br>\n                    <br>\n                    <span style=\"font-weight: 700;\">D\u016fvod a zp\u016fsob zalo\u017een\u00ed: sou\u010d\u00e1st p\u0159\u00edsp\u011bvkov\u00e9 organizace z\u0159\u00edzen\u00e9 M\u010c Praha 12 za \u00fa\u010delem:<br>\n                    <\/span>\n                    <br> \u2013 poskytov\u00e1n\u00ed v\u00fdchovn\u00e9, vzd\u011bl\u00e1vac\u00ed a aktiviza\u010dn\u00ed \u010dinnosti senior\u016fm m\u011bstsk\u00e9 \u010d\u00e1sti<br>\n                    <br> \u2013 zprost\u0159edkov\u00e1n\u00ed kontaktu se spole\u010densk\u00fdm prost\u0159ed\u00edm, z\u00e1kladn\u00ed poradenstv\u00ed <br>\n                    <br>\u2013 styk s ve\u0159ejnost\u00ed, s potenci\u00e1ln\u00edmi \u010di st\u00e1vaj\u00edc\u00edmi klienty <br>\n                    <br>\n                    <br>\n                    <span style=\"font-weight: 700;\">C\u00edle slu\u017eby<br>\n                    <\/span>\n                    <br> \u2013 poskytovat z\u00e1kladn\u00ed poradenstv\u00ed v oblasti soci\u00e1ln\u00edch slu\u017eeb <br>\n                    <br>\u2013 prost\u0159ednictv\u00edm c\u00edlen\u00fdch aktivit p\u0159isp\u011bt k aktivizaci klienta a jeho zapojen\u00ed do \u017eivota spole\u010dnosti <br>\n                    <br>\u2013 klient\u016fm poskytnout mo\u017enost smyslupln\u00e9ho tr\u00e1ven\u00ed \u010dasu, mo\u017enost dal\u0161\u00edho vzd\u011bl\u00e1v\u00e1n\u00ed&nbsp; <br>\n                    <br>\n                    <span style=\"font-weight: 700;\">Zp\u016fsoby poskytov\u00e1n\u00ed slu\u017eby:<br>\n                    <\/span>\n                    <br> \u2013 pravideln\u00e1 klubov\u00e1 \u010dinnost senior\u016f <br>\n                    <br>\u2013 jednor\u00e1zov\u00e9 akce \u2013 n\u00e1v\u0161t\u011bvy divadel, p\u0159edn\u00e1\u0161ky, koncerty a vystoupen\u00ed, v\u00fdlety, pobytov\u00e9 z\u00e1jezdy<br>\n                    <br> \u2013 dopl\u0148kov\u00e9 slu\u017eby \u2013 pedik\u00fara, kade\u0159nictv\u00ed, mas\u00e1\u017ee \u2013 zaji\u0161t\u011bno smluvn\u011b\n&nbsp; <br>\n                    <span style=\"font-weight: 700;\">\n                      <br>C\u00edlov\u00e1 skupina: <br>\n                    <\/span>\n                    <br>\u2013 senio\u0159i s trval\u00fdm bydli\u0161t\u011bm na \u00fazem\u00ed Prahy \/p\u0159ednost klienti z M\u010c Praha 12\/\n\u2013 rodiny takov\u00fdch osob<br>\n                    <br> Klienti mohou bezplatn\u011b vyu\u017e\u00edt po\u010d\u00edta\u010d s p\u0159ipojen\u00edm na internet \u2013 pond\u011bl\u00ed, st\u0159eda v dob\u011b od 8:00 do 15:00 po p\u0159edchoz\u00ed domluv\u011b.<br>\n                  <\/p>\n                  <a href=\"http:\/\/socsluzbymc12.cz\/?page_id=5520\" class=\"u-btn u-btn-round u-button-style u-hover-palette-1-light-1 u-palette-1-base u-radius-50 u-btn-1\">Program KDN<\/a>\n                  <p class=\"u-text u-text-4\">\n                    <br>\n                    <br>\n                    <br>\n                    <span style=\"font-weight: 700;\">PRAVIDLA PRO POD\u00c1V\u00c1N\u00cd ST\u00cd\u017dNOST\u00cd, P\u0158IPOM\u00cdNEK A N\u00c1PAD\u016e<br>K \u010cINNOSTI KLUBU D\u0158\u00cdVE NAROZEN\u00ddCH A KOMUNITN\u00cdHO  CENTRUM C\u00cdLKOVA\n                    <\/span>\n                    <br>\n                    <br>\n                    <br>V\u00e1\u017een\u00ed n\u00e1v\u0161t\u011bvn\u00edci a \u010dlenov\u00e9 na\u0161ich klub\u016f a komunitn\u00edho centra,<br>jsme tu pro V\u00e1s a z\u00e1le\u017e\u00ed n\u00e1m na tom, abyste se u n\u00e1s c\u00edtili dob\u0159e, bavili se a nach\u00e1zeli aktivity, kter\u00e9 V\u00e1s napl\u0148uj\u00ed. Va\u0161e n\u00e1zory jsou pro n\u00e1s d\u016fle\u017eit\u00e9, proto\u017ee n\u00e1m pom\u00e1haj\u00ed zlep\u0161ovat na\u0161e slu\u017eby a programy.<br>\n                    <br>Pros\u00edm, nev\u00e1hejte n\u00e1m sd\u011blit, pokud se V\u00e1m n\u011bco nel\u00edb\u00ed, nebo pokud m\u00e1te n\u00e1pad, jak n\u011bco vylep\u0161it.<br>\n                    <br>\n                    <span style=\"font-weight: 700;\">1. Kdy m\u016f\u017eete st\u00ed\u017enost nebo podn\u011bt podat?<\/span>\n                    <br>\u2022\tPokud nejste spokojeni s kvalitou nab\u00edzen\u00fdch kurz\u016f, krou\u017ek\u016f nebo akc\u00ed.<br>\u2022\tPokud V\u00e1m nevyhovuje chov\u00e1n\u00ed lektor\u016f, dobrovoln\u00edk\u016f nebo person\u00e1lu centra.<br>\u2022\tPokud m\u00e1te p\u0159ipom\u00ednky k provozn\u00ed dob\u011b, vybaven\u00ed nebo prost\u0159ed\u00ed centra.<br>\u2022\tPokud m\u00e1te n\u00e1pad na novou aktivitu, kter\u00e1 n\u00e1m zde chyb\u00ed.<br>\n                    <br>\n                    <span style=\"font-weight: 700;\">2. Jak n\u00e1m to m\u016f\u017eete \u0159\u00edct? (Zp\u016fsoby pod\u00e1n\u00ed)<\/span>\n                    <br>Vyberte si ten zp\u016fsob, kter\u00fd je V\u00e1m nejp\u0159\u00edjemn\u011bj\u0161\u00ed:<br>\n                    <br>\n                    <br>\n                    <span style=\"font-weight: 700;\">\u2022\t\u0158ekn\u011bte to osobn\u011b (\u00fastn\u011b):<br>\n                    <\/span>- Promluvte si s koordin\u00e1torem centra nebo slu\u017ebu konaj\u00edc\u00edm pracovn\u00edkem (kontakty n\u00ed\u017ee). R\u00e1di si V\u00e1s vyslechneme.<br>- M\u016f\u017eete si domluvit sch\u016fzku s vedouc\u00ed centra nebo \u0159editelem organizace Soci\u00e1ln\u00ed slu\u017eby m\u011bstsk\u00e9 \u010d\u00e1sti Praha 12.<br>\n                    <br>\n                    <br>\n                    <span style=\"font-weight: 700;\"> \u2022\tNapi\u0161te n\u00e1m vzkaz (p\u00edsemn\u011b):<br>\n                    <\/span>- Po\u0161lete n\u00e1m e-mail na adresu: seniorkluby@seznam.cz<br>- Po\u0161lete n\u00e1m dopis po\u0161tou na adresu centra: Komunitn\u00ed centrum , 142  00 Praha 4, C\u00edlkova 796&nbsp;<br>\n                    <br>\n                    <span style=\"font-weight: 700;\">\u2022 Anonymn\u011b (bez jm\u00e9na):<br>\n                    <\/span>- Pokud nechcete uv\u00e1d\u011bt sv\u00e9 jm\u00e9no, vho\u010fte vzkaz nebo dopis nepodepisujte, i tak V\u00e1\u0161 podn\u011bt pro\u0161et\u0159\u00edme.<br>\n                    <br>\n                    <span style=\"font-weight: 700;\">3. Co se bude d\u00edt d\u00e1l? (Postup vy\u0159\u00edzen\u00ed)<br>\n                    <\/span>\u2022\tVa\u0161e st\u00ed\u017enost nebo podn\u011bt bude v\u017edy \u0159e\u0161en veden\u00edm centra. Jeho \u0159e\u0161en\u00edm nebude pov\u011b\u0159ena osoba, proti kter\u00e9 je st\u00ed\u017enost vedena.<br>\u2022\tPodn\u011bty se sna\u017e\u00edme \u0159e\u0161it okam\u017eit\u011b. Na form\u00e1ln\u00ed st\u00ed\u017enosti V\u00e1m odpov\u00edme do 30 dn\u016f (pokud uvedete sv\u00e9 kontaktn\u00ed \u00fadaje).<br>\u2022\tO vy\u0159e\u0161en\u00ed anonymn\u00edch st\u00ed\u017enost\u00ed a o novink\u00e1ch plynouc\u00edch z Va\u0161ich n\u00e1pad\u016f V\u00e1s budeme informovat na n\u00e1st\u011bnce v centru.<br>\n                    <br>\n                    <span style=\"font-weight: 700;\">4. Co d\u011blat, kdy\u017e nejste spokojeni s na\u0161\u00ed odpov\u011bd\u00ed?<br>\n                    <\/span>Pokud nebudete spokojeni s \u0159e\u0161en\u00edm, m\u016f\u017eete se obr\u00e1tit na dal\u0161\u00ed nez\u00e1visl\u00e9 org\u00e1ny jako jsou nap\u0159.:<br>\n                    <br>\u2022\t\u0158editel organizace <br>Ing. Ji\u0159\u00ed Slepi\u010dka, Soci\u00e1ln\u00ed slu\u017eby m\u011bstsk\u00e9 \u010d\u00e1sti Praha 12, p\u0159\u00edsp\u011bvkov\u00e1 organizace, 142 00 Praha 4, Olbramovick\u00e1 703, tel: 241 713 575, e-mail: slepicka@socsluzbymc12.cz<br>\n                    <br>\u2022\tZ\u0159izovatel organizace<br>M\u011bstsk\u00e1 \u010d\u00e1st Praha 12, Gener\u00e1la \u0160i\u0161ky 2375\/6, 143 00 Praha 4, odbor soci\u00e1ln\u00edch v\u011bc\u00ed<br>\n                    <br>\u2022\tVe\u0159ejn\u00fd ochr\u00e1nce pr\u00e1v<br> \u00dadoln\u00ed 39, 602 00 Brno, tel. \u010d: 542542888, e-mail:podatelna@ochrance.cz<br>\n                    <br>T\u011b\u0161\u00edme se na Va\u0161e n\u00e1pady a d\u011bkujeme za otev\u0159enost!\n                  <\/p>\n                <\/div>\n              <\/div>\n            <\/div>\n          <\/div>\n        <\/div>\n      <\/div>\n    <\/section>\n    <section class=\"u-clearfix u-section-3\" id=\"sec-2316\">\n      <div class=\"u-clearfix u-sheet u-sheet-1\">\n        <div class=\"u-expanded-width u-gallery u-layout-horizontal u-lightbox u-no-transition u-show-text-on-hover u-gallery-1\">\n          <div class=\"u-gallery-inner\"><div class=\"u-effect-fade u-gallery-item u-gallery-item-1\"><div class=\"u-back-slide\" data-image-width=\"2560\" data-image-height=\"1919\"><img decoding=\"async\" class=\"u-back-image\" src=\"http:\/\/socsluzbymc12.cz\/wp-content\/uploads\/2022\/09\/1-6-scaled.jpg\" data-lang-en=\"\">\n<\/div><div class=\"u-over-slide u-shading u-over-slide-1\"><\/div>\n<\/div><div class=\"u-effect-fade u-gallery-item u-gallery-item-2\"><div class=\"u-back-slide\" data-image-width=\"2560\" data-image-height=\"1919\"><img decoding=\"async\" class=\"u-back-image\" src=\"http:\/\/socsluzbymc12.cz\/wp-content\/uploads\/2022\/09\/2-2-scaled.jpg\" data-lang-en=\"\">\n<\/div><div class=\"u-over-slide u-shading u-over-slide-2\"><\/div>\n<\/div><div class=\"u-effect-fade u-gallery-item u-gallery-item-3\"><div class=\"u-back-slide\" data-image-width=\"2560\" data-image-height=\"1440\"><img decoding=\"async\" class=\"u-back-image\" src=\"http:\/\/socsluzbymc12.cz\/wp-content\/uploads\/2022\/09\/3-2-scaled.jpg\" data-lang-en=\"\">\n<\/div><div class=\"u-over-slide u-shading u-over-slide-3\"><\/div>\n<\/div><div class=\"u-effect-fade u-gallery-item u-gallery-item-4\"><div class=\"u-back-slide\" data-image-width=\"2560\" data-image-height=\"1852\"><img decoding=\"async\" class=\"u-back-image\" src=\"http:\/\/socsluzbymc12.cz\/wp-content\/uploads\/2022\/09\/4-1-scaled.jpg\" data-lang-en=\"\">\n<\/div><div class=\"u-over-slide u-shading u-over-slide-4\"><\/div>\n<\/div><div class=\"u-effect-fade u-gallery-item u-gallery-item-5\"><div class=\"u-back-slide\"><img decoding=\"async\" class=\"u-back-image\" src=\"http:\/\/socsluzbymc12.cz\/wp-content\/plugins\/nicepage\/assets\/images\/default-image.jpg\" data-lang-en=\"\">\n<\/div><div class=\"u-over-slide u-shading u-over-slide-5\"><\/div>\n<\/div><div class=\"u-effect-fade u-gallery-item u-gallery-item-6\"><div class=\"u-back-slide\"><img decoding=\"async\" class=\"u-back-image\" src=\"http:\/\/socsluzbymc12.cz\/wp-content\/plugins\/nicepage\/assets\/images\/default-image.jpg\" data-lang-en=\"\">\n<\/div><div class=\"u-over-slide u-shading u-over-slide-6\"><\/div>\n<\/div><\/div>\n          <a class=\"u-absolute-vcenter u-gallery-nav u-gallery-nav-prev u-grey-70 u-icon-circle u-opacity u-opacity-70 u-spacing-10 u-text-white u-gallery-nav-1\" href=\"#\" role=\"button\">\n            <span aria-hidden=\"true\">\n              <svg viewBox=\"0 0 451.847 451.847\"><path d=\"M97.141,225.92c0-8.095,3.091-16.192,9.259-22.366L300.689,9.27c12.359-12.359,32.397-12.359,44.751,0\nc12.354,12.354,12.354,32.388,0,44.748L173.525,225.92l171.903,171.909c12.354,12.354,12.354,32.391,0,44.744\nc-12.354,12.365-32.386,12.365-44.745,0l-194.29-194.281C100.226,242.115,97.141,234.018,97.141,225.92z\"><\/path><\/svg>\n            <\/span>\n            <span class=\"sr-only\">\n              <svg viewBox=\"0 0 451.847 451.847\"><path d=\"M97.141,225.92c0-8.095,3.091-16.192,9.259-22.366L300.689,9.27c12.359-12.359,32.397-12.359,44.751,0\nc12.354,12.354,12.354,32.388,0,44.748L173.525,225.92l171.903,171.909c12.354,12.354,12.354,32.391,0,44.744\nc-12.354,12.365-32.386,12.365-44.745,0l-194.29-194.281C100.226,242.115,97.141,234.018,97.141,225.92z\"><\/path><\/svg>\n            <\/span>\n          <\/a>\n          <a class=\"u-absolute-vcenter u-gallery-nav u-gallery-nav-next u-grey-70 u-icon-circle u-opacity u-opacity-70 u-spacing-10 u-text-white u-gallery-nav-2\" href=\"#\" role=\"button\">\n            <span aria-hidden=\"true\">\n              <svg viewBox=\"0 0 451.846 451.847\"><path d=\"M345.441,248.292L151.154,442.573c-12.359,12.365-32.397,12.365-44.75,0c-12.354-12.354-12.354-32.391,0-44.744\nL278.318,225.92L106.409,54.017c-12.354-12.359-12.354-32.394,0-44.748c12.354-12.359,32.391-12.359,44.75,0l194.287,194.284\nc6.177,6.18,9.262,14.271,9.262,22.366C354.708,234.018,351.617,242.115,345.441,248.292z\"><\/path><\/svg>\n            <\/span>\n            <span class=\"sr-only\">\n              <svg viewBox=\"0 0 451.846 451.847\"><path d=\"M345.441,248.292L151.154,442.573c-12.359,12.365-32.397,12.365-44.75,0c-12.354-12.354-12.354-32.391,0-44.744\nL278.318,225.92L106.409,54.017c-12.354-12.359-12.354-32.394,0-44.748c12.354-12.359,32.391-12.359,44.75,0l194.287,194.284\nc6.177,6.18,9.262,14.271,9.262,22.366C354.708,234.018,351.617,242.115,345.441,248.292z\"><\/path><\/svg>\n            <\/span>\n          <\/a>\n        <\/div>\n      <\/div>\n    <\/section>\n    \n    \n    \n  \n","protected":false},"excerpt":{"rendered":"<p>&#8211; Kluby d\u0159\u00edve narozen\u00fdch Kontakt Vedouc\u00ed &#8211; Kluby d\u0159\u00edve narozen\u00fdch Kate\u0159ina Vonkov\u00e1vonkova@socsluzbymc12.cz, seniorkluby@seznam.cztel.: 241 713 575 Pod\u00e1n\u00ed informac\u00ed kdykoli: pond\u011bl\u00ed \u2013 p\u00e1tek\u00da\u0159edn\u00ed hodiny: pond\u011bl\u00ed, st\u0159eda 8.00 \u2013 18.00 hod., tel.: 241 713 575 N\u00e1zev organiza\u010dn\u00ed jednotky: Kluby d\u0159\u00edve narozen\u00fdch \/KDN\/ Adresa: centr\u00e1ln\u00ed Olbramovick\u00e1 703, Praha 4 Adresy, na kter\u00fdch se kluby sch\u00e1zej\u00ed: KDN Olbramovick\u00e1 Olbramovick\u00e1 &hellip; <a href=\"http:\/\/socsluzbymc12.cz\/?page_id=48\" class=\"more-link\">Continue reading<span class=\"screen-reader-text\"> &#8222;Kluby d\u0159\u00edve narozen\u00fdch&#8220;<\/span><\/a><\/p>\n","protected":false},"author":1,"featured_media":0,"parent":0,"menu_order":1,"comment_status":"open","ping_status":"open","template":"","meta":{"footnotes":""},"class_list":["post-48","page","type-page","status-publish","hentry"],"_links":{"self":[{"href":"http:\/\/socsluzbymc12.cz\/index.php?rest_route=\/wp\/v2\/pages\/48","targetHints":{"allow":["GET"]}}],"collection":[{"href":"http:\/\/socsluzbymc12.cz\/index.php?rest_route=\/wp\/v2\/pages"}],"about":[{"href":"http:\/\/socsluzbymc12.cz\/index.php?rest_route=\/wp\/v2\/types\/page"}],"author":[{"embeddable":true,"href":"http:\/\/socsluzbymc12.cz\/index.php?rest_route=\/wp\/v2\/users\/1"}],"replies":[{"embeddable":true,"href":"http:\/\/socsluzbymc12.cz\/index.php?rest_route=%2Fwp%2Fv2%2Fcomments&post=48"}],"version-history":[{"count":41,"href":"http:\/\/socsluzbymc12.cz\/index.php?rest_route=\/wp\/v2\/pages\/48\/revisions"}],"predecessor-version":[{"id":5519,"href":"http:\/\/socsluzbymc12.cz\/index.php?rest_route=\/wp\/v2\/pages\/48\/revisions\/5519"}],"wp:attachment":[{"href":"http:\/\/socsluzbymc12.cz\/index.php?rest_route=%2Fwp%2Fv2%2Fmedia&parent=48"}],"curies":[{"name":"wp","href":"https:\/\/api.w.org\/{rel}","templated":true}]}}