{"id":199,"date":"2012-02-15T13:11:58","date_gmt":"2012-02-15T13:11:58","guid":{"rendered":"http:\/\/www.socsluzbymc12.info\/?page_id=199"},"modified":"2026-04-16T09:20:56","modified_gmt":"2026-04-16T07:20:56","slug":"aktuality","status":"publish","type":"page","link":"https:\/\/socsluzbymc12.cz\/?page_id=199","title":{"rendered":"Aktuality"},"content":{"rendered":"\n    \n    <section class=\"u-clearfix u-palette-1-light-3 u-section-2\" id=\"sec-3bfb\">\n      <div class=\"u-clearfix u-sheet u-sheet-1\">\n        <div class=\"data-layout-selected u-clearfix u-expanded-width u-layout-wrap u-layout-wrap-1\">\n          <div class=\"u-layout\">\n            <div class=\"u-layout-row\">\n              <div class=\"u-container-style u-layout-cell u-left-cell u-size-30 u-layout-cell-1\">\n                <div class=\"u-container-layout u-container-layout-1\">\n                  <h1 class=\"u-text u-text-body-color u-title u-text-1\">Aktuality<br>\n                  <\/h1>\n                  <div class=\"u-border-6 u-border-grey-dark-1 u-line u-line-horizontal u-line-1\"><\/div>\n                <\/div>\n              <\/div>\n              <div class=\"u-container-style u-layout-cell u-palette-1-light-2 u-radius-15 u-right-cell u-shape-round u-size-30 u-layout-cell-2\">\n                <div class=\"u-container-layout u-container-layout-2\">\n                  <p class=\"u-text u-text-black u-text-2\">Soci\u00e1ln\u00ed slu\u017eby m\u011bstsk\u00e9 \u010d\u00e1sti Praha 12, p\u0159\u00edsp\u011bvkov\u00e1 organizace, nab\u00edzej\u00ed senior\u016fm z\u00e1visl\u00fdm na pomoci \u010di dohledu druh\u00e9 osoby p\u0159echodn\u00e9 ubytov\u00e1n\u00ed a p\u00e9\u010di v Soci\u00e1ln\u011b o\u0161et\u0159ovatelsk\u00e9m centru Z\u00e1rubova 971, Praha 4. <br>Kontakt: vedouc\u00ed sestra K. Puchmertlov\u00e1, tel.: 241471554, kter\u00e1 sd\u011bl\u00ed bli\u017e\u0161\u00ed informace.&nbsp;<br>\n                    <br>\n                    <br>\n                    <br>Den otev\u0159en\u00fdch dve\u0159\u00ed&nbsp;D\u011btsk\u00e9 \nskupiny - Odd\u011blen\u00ed p\u00e9\u010de o d\u011bti mlad\u0161\u00edho ne\u017e p\u0159ed\u0161koln\u00edho v\u011bku, J. \nJovkova 3253, Praha 4, se kon\u00e1 dne 31. b\u0159ezna 2026 v dob\u011b od 16,00 do&nbsp; \n18,00 hod.&nbsp;&nbsp;<br>\n                    <br> Dne 9. \u010dervna 2026 se v dob\u011b od 8,00 do 15,00 hod uskute\u010dn\u00ed 2. kolo \nz\u00e1pisu d\u011bt\u00ed do D\u011btsk\u00e9 skupiny - Odd\u011blen\u00ed p\u00e9\u010de o d\u011bti mlad\u0161\u00edho ne\u017e \np\u0159ed\u0161koln\u00edho v\u011bku.&nbsp;<br>\n                    <br>\n                    <br>P\u0159i z\u00e1pisu je nutn\u00e9 dolo\u017eit ji\u017e vypln\u011bn\u00e9 podklady - \u017e\u00e1dost o \nslu\u017ebu, posudek o zdravotn\u00ed zp\u016fsobilosti d\u00edt\u011bte, dotazn\u00edk pro z\u00e1konn\u00e9ho \nz\u00e1stupce d\u00edt\u011bte a GDPR - souhlas s nakl\u00e1d\u00e1n\u00edm s osobn\u00edmi a citliv\u00fdmi \n\u00fadaji. Formul\u00e1\u0159e jsou ke sta\u017een\u00ed na str\u00e1nk\u00e1ch <a href=\"http:\/\/www.jeslemodrany.cz\" class=\"u-active-none u-border-none u-btn u-button-link u-button-style u-hover-none u-none u-text-body-color u-btn-1\" target=\"_blank\">www.jeslemodrany.cz.<\/a>\n                    <br>\n                    <br><!--[if !supportLineBreakNewLine]-->\n                    <br><!--[endif]-->\n                    <br>\n                    <br>\n                    <br>\n                    <br>\n                    <br>\n                    <br>\n                    <br>\n                    <br>\n                    <br>\n                    <br>\n                    <br>\n                    <br>\n                    <br>\n                    <br>\n                    <br>\n                    <br>\n                    <br>\n                    <br>\n                    <br>\n                    <br>\n                    <br>\n                    <br>\n                    <br>\n                    <br>\n                    <br>\n                    <br>\n                    <br>\n                    <br>\n                    <br>\n                    <span style=\"font-weight: 700;\">\n                      <br>\n                      <br>\n                      <br>\n                      <br>\n                      <br>\n                      <br>\n                      <br>\n                      <br>\n                      <br>\n                      <br>\n                      <br>\n                      <br>\n                      <br>\n                      <br>\n                      <br>\n                      <br>\n                      <br>\n                      <br>\n                      <br>\n                      <br>\n                      <br>\n                      <br>\n                      <br>\n                      <br>\n                      <br>\n                    <\/span>\n                    <br>&nbsp;<br>\n                    <br>\n                    <br>\n                  <\/p>\n                <\/div>\n              <\/div>\n            <\/div>\n          <\/div>\n        <\/div>\n      <\/div>\n    <\/section>\n    \n    \n    \n  \n","protected":false},"excerpt":{"rendered":"<p>Aktuality Soci\u00e1ln\u00ed slu\u017eby m\u011bstsk\u00e9 \u010d\u00e1sti Praha 12, p\u0159\u00edsp\u011bvkov\u00e1 organizace, nab\u00edzej\u00ed senior\u016fm z\u00e1visl\u00fdm na pomoci \u010di dohledu druh\u00e9 osoby p\u0159echodn\u00e9 ubytov\u00e1n\u00ed a p\u00e9\u010di v Soci\u00e1ln\u011b o\u0161et\u0159ovatelsk\u00e9m centru Z\u00e1rubova 971, Praha 4. Kontakt: vedouc\u00ed sestra K. Puchmertlov\u00e1, tel.: 241471554, kter\u00e1 sd\u011bl\u00ed bli\u017e\u0161\u00ed informace.&nbsp; Den otev\u0159en\u00fdch dve\u0159\u00ed&nbsp;D\u011btsk\u00e9 skupiny &#8211; Odd\u011blen\u00ed p\u00e9\u010de o d\u011bti mlad\u0161\u00edho ne\u017e p\u0159ed\u0161koln\u00edho v\u011bku, J. &hellip; <a href=\"https:\/\/socsluzbymc12.cz\/?page_id=199\" class=\"more-link\">Continue reading<span class=\"screen-reader-text\"> &#8222;Aktuality&#8220;<\/span><\/a><\/p>\n","protected":false},"author":1,"featured_media":0,"parent":0,"menu_order":1,"comment_status":"closed","ping_status":"closed","template":"","meta":{"footnotes":""},"class_list":["post-199","page","type-page","status-publish","hentry"],"_links":{"self":[{"href":"https:\/\/socsluzbymc12.cz\/index.php?rest_route=\/wp\/v2\/pages\/199","targetHints":{"allow":["GET"]}}],"collection":[{"href":"https:\/\/socsluzbymc12.cz\/index.php?rest_route=\/wp\/v2\/pages"}],"about":[{"href":"https:\/\/socsluzbymc12.cz\/index.php?rest_route=\/wp\/v2\/types\/page"}],"author":[{"embeddable":true,"href":"https:\/\/socsluzbymc12.cz\/index.php?rest_route=\/wp\/v2\/users\/1"}],"replies":[{"embeddable":true,"href":"https:\/\/socsluzbymc12.cz\/index.php?rest_route=%2Fwp%2Fv2%2Fcomments&post=199"}],"version-history":[{"count":37,"href":"https:\/\/socsluzbymc12.cz\/index.php?rest_route=\/wp\/v2\/pages\/199\/revisions"}],"predecessor-version":[{"id":5513,"href":"https:\/\/socsluzbymc12.cz\/index.php?rest_route=\/wp\/v2\/pages\/199\/revisions\/5513"}],"wp:attachment":[{"href":"https:\/\/socsluzbymc12.cz\/index.php?rest_route=%2Fwp%2Fv2%2Fmedia&parent=199"}],"curies":[{"name":"wp","href":"https:\/\/api.w.org\/{rel}","templated":true}]}}