{"id":2971,"date":"2022-09-06T12:57:19","date_gmt":"2022-09-06T10:57:19","guid":{"rendered":"http:\/\/socsluzbymc12.cz\/?page_id=2971"},"modified":"2026-02-25T13:36:54","modified_gmt":"2026-02-25T12:36:54","slug":"uvod-4","status":"publish","type":"page","link":"https:\/\/socsluzbymc12.cz\/","title":{"rendered":"Tituln\u00ed strana"},"content":{"rendered":"\n    \n    <section class=\"u-clearfix u-palette-1-light-3 u-section-2\" id=\"sec-8d40\">\n      <div class=\"u-clearfix u-sheet u-valign-middle-xs u-sheet-1\">\n        <div class=\"data-layout-selected u-clearfix u-expanded-width-xs u-gutter-8 u-layout-wrap u-layout-wrap-1\">\n          <div class=\"u-layout\" style=\"\">\n            <div class=\"u-layout-row\" style=\"\">\n              <div class=\"u-align-center u-container-style u-image u-image-round u-layout-cell u-left-cell u-radius-14 u-size-30 u-size-xs-60 u-image-1\" src=\"\" data-image-width=\"1480\" data-image-height=\"2000\" style=\"background-image: url(&quot;https:\/\/socsluzbymc12.cz\/wp-content\/uploads\/2022\/09\/1-2.jpg&quot;);\">\n                <div class=\"u-container-layout u-valign-middle u-container-layout-1\" src=\"\"><\/div>\n              <\/div>\n              <div class=\"u-align-left u-container-style u-layout-cell u-palette-1-light-2 u-radius-14 u-right-cell u-shape-round u-size-30 u-size-xs-60 u-layout-cell-2\" src=\"\">\n                <div class=\"u-container-layout u-container-layout-2\">\n                  <p class=\"u-align-left u-text u-text-1\" data-animation-name=\"customAnimationIn\" data-animation-duration=\"1000\">\n                    <span class=\"u-text-body-alt-color\">\n                      <span style=\"font-weight: 700; font-size: 1.5rem;\">V\u00e1\u017een\u00ed a mil\u00ed n\u00e1v\u0161t\u011bvn\u00edci,<\/span>\n                      <span style=\"font-size: 1.5rem;\">&nbsp;<\/span>\n                      <br>&nbsp; <span style=\"font-size: 1.125rem;\">&nbsp; &nbsp;<br>s radost\u00ed V\u00e1m p\u0159edstavuji organizaci, kter\u00e1 od roku 1999 p\u016fsob\u00ed na \n\u00fazem\u00ed M\u010c Praha 12 a pom\u00e1h\u00e1 \u0159e\u0161it probl\u00e9my star\u0161\u00edch, zdravotn\u011b \nposti\u017een\u00fdch a jinak soci\u00e1ln\u011b pot\u0159ebn\u00fdch spoluob\u010dan\u016f. Na\u0161im c\u00edlem je \nnab\u00eddnout a pomoci zajistit samostatn\u00fd a smyslupln\u00fd \u017eivot ka\u017ed\u00e9mu, kdo \nje v\u00edce nebo m\u00e9n\u011b odk\u00e1z\u00e1n na pomoc druh\u00e9 osoby. Co plat\u00ed a po\u010d\u00edt\u00e1 se, je\n kvalita \u017eivota, m\u00e9n\u011b u\u017e jeho d\u00e9lka. Tyto str\u00e1nky by m\u011bly b\u00fdt n\u00e1vodem, jak se \norientovat v nab\u00eddce na\u0161ich slu\u017eeb, co \u010dinit v p\u0159\u00edpad\u011b, \u017ee n\u011bkdo z \nrodiny nebo okol\u00ed pot\u0159ebuje pomoc p\u0159i zvl\u00e1d\u00e1n\u00ed nep\u0159\u00edzniv\u00e9 \u017eivotn\u00ed \nsituace. Pracovn\u00edci Soci\u00e1ln\u00edch slu\u017eeb M\u010c Praha 12 jsou profesion\u00e1ln\u011b i \nlidsk\u00fd p\u0159ipraveni podat pomocnou ruku ka\u017ed\u00e9mu, kdo ji pot\u0159ebuje. Je \nlhostejn\u00e9, zda p\u016fjde o pouh\u00e9 zprost\u0159edkov\u00e1n\u00ed p\u0159etr\u017een\u00e9ho kontaktu s \nlidmi, o pomoc p\u0159i zvl\u00e1d\u00e1n\u00ed p\u00e9\u010de o dom\u00e1cnost nebo o zaji\u0161t\u011bn\u00ed \u010dty\u0159iadvacetihodinov\u00e9 p\u00e9\u010de o klienta upoutan\u00e9ho na l\u016f\u017eko. V\u017edy jde o \npomoc \u010dlov\u011bka \u010dlov\u011bku, kterou vn\u00edm\u00e1me jako sv\u00e9 posl\u00e1n\u00ed. Nebojte se \nnab\u00edzenou ruku p\u0159ijmout.&nbsp;<br>\n                      <\/span>\n                    <\/span>\n                    <span style=\"font-size: 1.125rem;\">\n                      <span class=\"u-text-body-alt-color\">\n                        <br>&nbsp; &nbsp; &nbsp; &nbsp; &nbsp; &nbsp; &nbsp; &nbsp; &nbsp; &nbsp; &nbsp; &nbsp; &nbsp; &nbsp; &nbsp; &nbsp; &nbsp; &nbsp; &nbsp; &nbsp; &nbsp; &nbsp; &nbsp; &nbsp; &nbsp; &nbsp; &nbsp; &nbsp; &nbsp; &nbsp; <span style=\"font-weight: 700;\">Ing. Ji\u0159\u00ed Slepi\u010dka<br>&nbsp; &nbsp; &nbsp; &nbsp; &nbsp; &nbsp; &nbsp; &nbsp; &nbsp; &nbsp; &nbsp; &nbsp; &nbsp; &nbsp; &nbsp; &nbsp; &nbsp; &nbsp; &nbsp; &nbsp; &nbsp; &nbsp; &nbsp; &nbsp; &nbsp; &nbsp; &nbsp; &nbsp;&nbsp;&nbsp; \u0159editel organizace\n                        <\/span>&nbsp; &nbsp; &nbsp;&nbsp; \n                      <\/span>\n                    <\/span>\n                  <\/p>\n                <\/div>\n              <\/div>\n            <\/div>\n          <\/div>\n        <\/div>\n        <p class=\"u-text u-text-custom-color-2 u-text-default u-text-2\">\n          <span class=\"u-text-black\">\n            <span style=\"font-weight: 700;\">Aktualita:<\/span> Soci\u00e1ln\u00ed slu\u017eby M\u010c Praha 12, p\u0159\u00edsp\u011bvkov\u00e1 organizace&nbsp;m\u00e1 voln\u00e1 m\u00edsta a&nbsp;p\u0159ij\u00edm\u00e1&nbsp;d\u011bti ve v\u011bku od 1 do 3 let&nbsp;do d\u011btsk\u00e9 skupiny.&nbsp;&nbsp;M\u00edstem poskytov\u00e1n\u00ed slu\u017eby je Praha 4, J. Jovkova 3253.&nbsp;Z\u00e1jemci volejte na tel. \u010d. 241761180, p\u0159\u00edp. pi\u0161te na&nbsp;e-mail: jesle.modrany@centru\u200bm.cz.\n&nbsp;\n          <\/span>\n        <\/p>\n      <\/div>\n    <\/section>\n    <section class=\"u-clearfix u-palette-1-light-3 u-section-3\" id=\"sec-e9cc\">\n      <div class=\"u-clearfix u-sheet u-sheet-1\">\n        <h5 class=\"u-custom-font u-font-roboto-slab u-text u-text-palette-1-base u-text-1\">Hled\u00e1m slu\u017ebu:<\/h5>\n        <div class=\"u-expanded-width u-list u-list-1\">\n          <div class=\"u-repeater u-repeater-1\">\n            <div class=\"u-align-left u-border-2 u-border-palette-1-base u-container-style u-list-item u-radius-14 u-repeater-item u-shape-round u-list-item-1\">\n              <div class=\"u-container-layout u-similar-container u-container-layout-1\">\n                <h6 class=\"u-align-center u-hover-feature u-text u-text-palette-1-base u-text-2\" data-animation-out=\"0\">Pro seniory<\/h6>\n                <img decoding=\"async\" class=\"u-align-center u-hover-feature u-image u-image-round u-preserve-proportions u-radius-10 u-image-1\" src=\"https:\/\/socsluzbymc12.cz\/wp-content\/uploads\/2022\/09\/Senior1-7-1.jpg\" alt=\"\" data-image-width=\"100\" data-image-height=\"62\" data-href=\"https:\/\/socsluzbymc12.cz\/?page_id=85\">\n                <a href=\"https:\/\/socsluzbymc12.cz\/?page_id=85\" class=\"u-border-none u-btn u-btn-round u-button-style u-hover-palette-1-light-3 u-palette-1-base u-radius-6 u-btn-1\">Pe\u010dovatelsk\u00e1 slu\u017eba<\/a>\n              <\/div>\n            <\/div>\n            <div class=\"u-border-2 u-border-palette-1-base u-container-style u-list-item u-radius-14 u-repeater-item u-shape-round u-list-item-2\">\n              <div class=\"u-container-layout u-similar-container u-container-layout-2\">\n                <h6 class=\"u-align-center u-hover-feature u-text u-text-palette-1-base u-text-3\" data-animation-out=\"0\">Pro seniory<\/h6>\n                <img decoding=\"async\" class=\"u-align-center u-hover-feature u-image u-image-round u-preserve-proportions u-radius-10 u-image-2\" src=\"https:\/\/socsluzbymc12.cz\/wp-content\/uploads\/2022\/09\/Senior1-7-1.jpg\" alt=\"\" data-image-width=\"100\" data-image-height=\"62\" data-href=\"https:\/\/socsluzbymc12.cz\/?page_id=21\">\n                <a href=\"https:\/\/socsluzbymc12.cz\/?page_id=21\" class=\"u-border-none u-btn u-btn-round u-button-style u-hover-palette-1-light-3 u-palette-1-base u-radius-6 u-btn-2\">Soc. o\u0161et\u0159. centrum<\/a>\n              <\/div>\n            <\/div>\n            <div class=\"u-border-2 u-border-palette-1-base u-container-style u-list-item u-radius-14 u-repeater-item u-shape-round u-list-item-3\">\n              <div class=\"u-container-layout u-similar-container u-container-layout-3\">\n                <h6 class=\"u-align-center u-hover-feature u-text u-text-palette-1-base u-text-4\" data-animation-out=\"0\">Pro seniory<\/h6>\n                <img decoding=\"async\" class=\"u-align-center u-hover-feature u-image u-image-round u-preserve-proportions u-radius-10 u-image-3\" src=\"https:\/\/socsluzbymc12.cz\/wp-content\/uploads\/2022\/09\/Senior1-2.jpg\" alt=\"\" data-image-width=\"150\" data-image-height=\"93\" data-href=\"https:\/\/socsluzbymc12.cz\/?page_id=48\">\n                <a href=\"https:\/\/socsluzbymc12.cz\/?page_id=48\" class=\"u-border-none u-btn u-btn-round u-button-style u-hover-palette-1-light-3 u-palette-1-base u-radius-6 u-btn-3\">Kluby d\u0159\u00edve narozen\u00fdch<\/a>\n              <\/div>\n            <\/div>\n            <div class=\"u-border-2 u-border-palette-1-base u-container-style u-list-item u-radius-14 u-repeater-item u-shape-round u-list-item-4\">\n              <div class=\"u-container-layout u-similar-container u-container-layout-4\">\n                <h6 class=\"u-align-center u-hover-feature u-text u-text-palette-1-base u-text-5\" data-animation-out=\"0\">Pro rodiny, d\u011bti<\/h6>\n                <img decoding=\"async\" class=\"u-align-center u-hover-feature u-image u-image-round u-preserve-proportions u-radius-10 u-image-4\" src=\"https:\/\/socsluzbymc12.cz\/wp-content\/uploads\/2022\/09\/Rodina-2.jpg\" alt=\"\" data-image-width=\"150\" data-image-height=\"132\" data-href=\"https:\/\/socsluzbymc12.cz\/?page_id=3823\">\n                <a href=\"https:\/\/socsluzbymc12.cz\/?page_id=3823\" class=\"u-border-none u-btn u-btn-round u-button-style u-hover-palette-1-light-3 u-palette-1-base u-radius-6 u-btn-4\">D\u011btsk\u00e1 skupina<\/a>\n              <\/div>\n            <\/div>\n            <div class=\"u-border-2 u-border-palette-1-base u-container-style u-list-item u-radius-14 u-repeater-item u-shape-round u-list-item-5\">\n              <div class=\"u-container-layout u-similar-container u-container-layout-5\">\n                <h6 class=\"u-align-center u-hover-feature u-text u-text-palette-1-base u-text-6\" data-animation-out=\"0\">Pro osoby v t\u00ed\u017eiv\u00e9 situaci<\/h6>\n                <img decoding=\"async\" class=\"u-align-center u-hover-feature u-image u-image-round u-preserve-proportions u-radius-10 u-image-5\" src=\"https:\/\/socsluzbymc12.cz\/wp-content\/uploads\/2022\/09\/Postel-2.jpg\" alt=\"\" data-image-width=\"150\" data-image-height=\"102\" data-href=\"https:\/\/socsluzbymc12.cz\/?page_id=73\">\n                <a href=\"https:\/\/socsluzbymc12.cz\/?page_id=73\" class=\"u-border-none u-btn u-btn-round u-button-style u-hover-palette-1-light-3 u-palette-1-base u-radius-6 u-btn-5\">Azylov\u00e9 bydlen\u00ed<\/a>\n              <\/div>\n            <\/div>\n          <\/div>\n        <\/div>\n      <\/div>\n      \n      \n      \n      \n      \n      \n      \n      \n      \n      \n      \n      \n      \n    <\/section>\n    <section class=\"u-clearfix u-palette-1-light-3 u-section-4\" id=\"sec-67d2\">\n      <div class=\"u-clearfix u-sheet u-sheet-1\">\n        <div class=\"u-expanded-width u-gallery u-layout-horizontal u-lightbox u-no-transition u-show-text-on-hover u-gallery-1\">\n          <div class=\"u-gallery-inner\"><div class=\"u-effect-fade u-gallery-item u-gallery-item-1\"><div class=\"u-back-slide\" data-image-width=\"1456\" data-image-height=\"2184\"><img decoding=\"async\" class=\"u-back-image\" src=\"https:\/\/socsluzbymc12.cz\/wp-content\/uploads\/2022\/09\/11.jpeg\" data-lang-en=\"\">\n<\/div><div class=\"u-over-slide u-shading u-over-slide-1\"><\/div>\n<\/div><div class=\"u-effect-fade u-gallery-item u-gallery-item-2\"><div class=\"u-back-slide\" data-image-width=\"2560\" data-image-height=\"1440\"><img decoding=\"async\" class=\"u-back-image\" src=\"https:\/\/socsluzbymc12.cz\/wp-content\/uploads\/2022\/09\/1-8-scaled.jpg\" data-lang-en=\"\">\n<\/div><div class=\"u-over-slide u-shading u-over-slide-2\"><\/div>\n<\/div><div class=\"u-effect-fade u-gallery-item u-gallery-item-3\"><div class=\"u-back-slide\" data-image-width=\"2560\" data-image-height=\"1440\"><img decoding=\"async\" class=\"u-back-image\" src=\"https:\/\/socsluzbymc12.cz\/wp-content\/uploads\/2022\/09\/5-1-scaled.jpeg\" data-lang-en=\"\">\n<\/div><div class=\"u-over-slide u-shading u-over-slide-3\"><\/div>\n<\/div><div class=\"u-effect-fade u-gallery-item u-gallery-item-4\"><div class=\"u-back-slide\" data-image-width=\"2560\" data-image-height=\"1919\"><img decoding=\"async\" class=\"u-back-image\" src=\"https:\/\/socsluzbymc12.cz\/wp-content\/uploads\/2022\/09\/1-7-scaled.jpg\" data-lang-en=\"\">\n<\/div><div class=\"u-over-slide u-shading u-over-slide-4\"><\/div>\n<\/div><div class=\"u-effect-fade u-gallery-item u-gallery-item-5\"><div class=\"u-back-slide\" data-image-width=\"2560\" data-image-height=\"1440\"><img decoding=\"async\" class=\"u-back-image\" src=\"https:\/\/socsluzbymc12.cz\/wp-content\/uploads\/2022\/09\/8-scaled.jpg\" data-lang-en=\"\">\n<\/div><div class=\"u-over-slide u-shading u-over-slide-5\"><\/div>\n<\/div><div class=\"u-effect-fade u-gallery-item u-gallery-item-6\"><div class=\"u-back-slide\"><img decoding=\"async\" class=\"u-back-image\" src=\"https:\/\/socsluzbymc12.cz\/wp-content\/plugins\/nicepage\/assets\/images\/default-image.jpg\" data-lang-en=\"\">\n<\/div><div class=\"u-over-slide u-shading u-over-slide-6\"><\/div>\n<\/div><\/div>\n          <a class=\"u-gallery-nav u-gallery-nav-prev u-grey-70 u-icon-circle u-opacity u-opacity-70 u-spacing-10 u-text-white u-gallery-nav-1\" href=\"#\" role=\"button\">\n            <span aria-hidden=\"true\">\n              <svg viewBox=\"0 0 451.847 451.847\"><path d=\"M97.141,225.92c0-8.095,3.091-16.192,9.259-22.366L300.689,9.27c12.359-12.359,32.397-12.359,44.751,0\nc12.354,12.354,12.354,32.388,0,44.748L173.525,225.92l171.903,171.909c12.354,12.354,12.354,32.391,0,44.744\nc-12.354,12.365-32.386,12.365-44.745,0l-194.29-194.281C100.226,242.115,97.141,234.018,97.141,225.92z\"><\/path><\/svg>\n            <\/span>\n            <span class=\"sr-only\">\n              <svg viewBox=\"0 0 451.847 451.847\"><path d=\"M97.141,225.92c0-8.095,3.091-16.192,9.259-22.366L300.689,9.27c12.359-12.359,32.397-12.359,44.751,0\nc12.354,12.354,12.354,32.388,0,44.748L173.525,225.92l171.903,171.909c12.354,12.354,12.354,32.391,0,44.744\nc-12.354,12.365-32.386,12.365-44.745,0l-194.29-194.281C100.226,242.115,97.141,234.018,97.141,225.92z\"><\/path><\/svg>\n            <\/span>\n          <\/a>\n          <a class=\"u-gallery-nav u-gallery-nav-next u-grey-70 u-icon-circle u-opacity u-opacity-70 u-spacing-10 u-text-white u-gallery-nav-2\" href=\"#\" role=\"button\">\n            <span aria-hidden=\"true\">\n              <svg viewBox=\"0 0 451.846 451.847\"><path d=\"M345.441,248.292L151.154,442.573c-12.359,12.365-32.397,12.365-44.75,0c-12.354-12.354-12.354-32.391,0-44.744\nL278.318,225.92L106.409,54.017c-12.354-12.359-12.354-32.394,0-44.748c12.354-12.359,32.391-12.359,44.75,0l194.287,194.284\nc6.177,6.18,9.262,14.271,9.262,22.366C354.708,234.018,351.617,242.115,345.441,248.292z\"><\/path><\/svg>\n            <\/span>\n            <span class=\"sr-only\">\n              <svg viewBox=\"0 0 451.846 451.847\"><path d=\"M345.441,248.292L151.154,442.573c-12.359,12.365-32.397,12.365-44.75,0c-12.354-12.354-12.354-32.391,0-44.744\nL278.318,225.92L106.409,54.017c-12.354-12.359-12.354-32.394,0-44.748c12.354-12.359,32.391-12.359,44.75,0l194.287,194.284\nc6.177,6.18,9.262,14.271,9.262,22.366C354.708,234.018,351.617,242.115,345.441,248.292z\"><\/path><\/svg>\n            <\/span>\n          <\/a>\n        <\/div>\n      <\/div>\n    <\/section>\n    \n    \n    \n  \n","protected":false},"excerpt":{"rendered":"<p>V\u00e1\u017een\u00ed a mil\u00ed n\u00e1v\u0161t\u011bvn\u00edci, &nbsp; &nbsp; &nbsp; &nbsp;s radost\u00ed V\u00e1m p\u0159edstavuji organizaci, kter\u00e1 od roku 1999 p\u016fsob\u00ed na \u00fazem\u00ed M\u010c Praha 12 a pom\u00e1h\u00e1 \u0159e\u0161it probl\u00e9my star\u0161\u00edch, zdravotn\u011b posti\u017een\u00fdch a jinak soci\u00e1ln\u011b pot\u0159ebn\u00fdch spoluob\u010dan\u016f. Na\u0161im c\u00edlem je nab\u00eddnout a pomoci zajistit samostatn\u00fd a smyslupln\u00fd \u017eivot ka\u017ed\u00e9mu, kdo je v\u00edce nebo m\u00e9n\u011b odk\u00e1z\u00e1n na pomoc druh\u00e9 &hellip; <a href=\"https:\/\/socsluzbymc12.cz\/\" class=\"more-link\">Continue reading<span class=\"screen-reader-text\"> &#8222;Tituln\u00ed strana&#8220;<\/span><\/a><\/p>\n","protected":false},"author":1,"featured_media":0,"parent":0,"menu_order":2,"comment_status":"closed","ping_status":"closed","template":"","meta":{"footnotes":""},"class_list":["post-2971","page","type-page","status-publish","hentry"],"_links":{"self":[{"href":"https:\/\/socsluzbymc12.cz\/index.php?rest_route=\/wp\/v2\/pages\/2971","targetHints":{"allow":["GET"]}}],"collection":[{"href":"https:\/\/socsluzbymc12.cz\/index.php?rest_route=\/wp\/v2\/pages"}],"about":[{"href":"https:\/\/socsluzbymc12.cz\/index.php?rest_route=\/wp\/v2\/types\/page"}],"author":[{"embeddable":true,"href":"https:\/\/socsluzbymc12.cz\/index.php?rest_route=\/wp\/v2\/users\/1"}],"replies":[{"embeddable":true,"href":"https:\/\/socsluzbymc12.cz\/index.php?rest_route=%2Fwp%2Fv2%2Fcomments&post=2971"}],"version-history":[{"count":63,"href":"https:\/\/socsluzbymc12.cz\/index.php?rest_route=\/wp\/v2\/pages\/2971\/revisions"}],"predecessor-version":[{"id":5457,"href":"https:\/\/socsluzbymc12.cz\/index.php?rest_route=\/wp\/v2\/pages\/2971\/revisions\/5457"}],"wp:attachment":[{"href":"https:\/\/socsluzbymc12.cz\/index.php?rest_route=%2Fwp%2Fv2%2Fmedia&parent=2971"}],"curies":[{"name":"wp","href":"https:\/\/api.w.org\/{rel}","templated":true}]}}