{"id":3693,"date":"2022-09-12T10:24:55","date_gmt":"2022-09-12T08:24:55","guid":{"rendered":"http:\/\/socsluzbymc12.cz\/?page_id=3693"},"modified":"2026-04-15T13:14:58","modified_gmt":"2026-04-15T11:14:58","slug":"jidelni-listek","status":"publish","type":"page","link":"https:\/\/socsluzbymc12.cz\/?page_id=3693","title":{"rendered":"J\u00eddeln\u00ed l\u00edstek"},"content":{"rendered":"\n    \n    <section class=\"u-clearfix u-palette-1-light-3 u-section-2\" id=\"sec-6a81\">\n      <div class=\"u-clearfix u-sheet u-sheet-1\">\n        <div class=\"custom-expanded data-layout-selected u-clearfix u-layout-wrap u-layout-wrap-1\">\n          <div class=\"u-layout\">\n            <div class=\"u-layout-row\">\n              <div class=\"u-container-style u-layout-cell u-left-cell u-size-30 u-layout-cell-1\">\n                <div class=\"u-container-layout u-container-layout-1\">\n                  <h2 class=\"u-custom-font u-heading-font u-text u-text-body-color u-text-1\">J\u00eddeln\u00ed l\u00edstek<\/h2>\n                <\/div>\n              <\/div>\n              <div class=\"u-container-style u-file-link u-layout-cell u-palette-1-light-2 u-radius-15 u-right-cell u-shape-round u-size-30 u-layout-cell-2\" data-href=\"https:\/\/socsluzbymc12.cz\/wp-content\/uploads\/2024\/02\/164_jdeln_lstek__12.23.2.2024.pdf\" title=\"164_jdeln_lstek__12-23-2-2024-pdf\">\n                <div class=\"u-container-layout u-container-layout-2\">\n                  <a href=\"https:\/\/socsluzbymc12.cz\/wp-content\/uploads\/2026\/03\/219_jdeln_lstek_6.17.4.2026.pdf\" class=\"u-btn u-btn-round u-button-style u-file-link u-hover-palette-1-light-1 u-palette-1-base u-radius u-btn-1\">j\u00eddeln\u00ed l\u00edstek<\/a>\n                  <a href=\"https:\/\/socsluzbymc12.cz\/wp-content\/uploads\/2026\/04\/220_jdeln_lstek_20.4.1.5.2026-1.pdf\" class=\"u-btn u-btn-round u-button-style u-file-link u-hover-palette-1-light-1 u-palette-1-base u-radius u-btn-2\">J\u00eddeln\u00ed l\u00edstek na p\u0159\u00ed\u0161t\u00ed t\u00fdden<\/a>\n                  <h4 class=\"u-text u-text-body-color u-text-2\">\n                    <span style=\"font-weight: 700;\">Pro zm\u011bnu ob\u011bd\u016f vyu\u017eijte tel.:  241 470 055 nebo e-mail: <\/span>\n                    <a href=\"mailto:obedy@socsluzbymc12.cz?subject=Ob\u011bdy\" class=\"u-btn u-button-link u-button-style u-none u-text-white u-btn-3\">obedy@socsluzbymc12.cz<\/a>\n                    <br>\n                  <\/h4>\n                <\/div>\n              <\/div>\n            <\/div>\n          <\/div>\n        <\/div>\n      <\/div>\n    <\/section>\n    \n    \n    \n  \n","protected":false},"excerpt":{"rendered":"<p>J\u00eddeln\u00ed l\u00edstek j\u00eddeln\u00ed l\u00edstek J\u00eddeln\u00ed l\u00edstek na p\u0159\u00ed\u0161t\u00ed t\u00fdden Pro zm\u011bnu ob\u011bd\u016f vyu\u017eijte tel.: 241 470 055 nebo e-mail: obedy@socsluzbymc12.cz<\/p>\n","protected":false},"author":1,"featured_media":0,"parent":0,"menu_order":0,"comment_status":"closed","ping_status":"closed","template":"","meta":{"footnotes":""},"class_list":["post-3693","page","type-page","status-publish","hentry"],"_links":{"self":[{"href":"https:\/\/socsluzbymc12.cz\/index.php?rest_route=\/wp\/v2\/pages\/3693","targetHints":{"allow":["GET"]}}],"collection":[{"href":"https:\/\/socsluzbymc12.cz\/index.php?rest_route=\/wp\/v2\/pages"}],"about":[{"href":"https:\/\/socsluzbymc12.cz\/index.php?rest_route=\/wp\/v2\/types\/page"}],"author":[{"embeddable":true,"href":"https:\/\/socsluzbymc12.cz\/index.php?rest_route=\/wp\/v2\/users\/1"}],"replies":[{"embeddable":true,"href":"https:\/\/socsluzbymc12.cz\/index.php?rest_route=%2Fwp%2Fv2%2Fcomments&post=3693"}],"version-history":[{"count":126,"href":"https:\/\/socsluzbymc12.cz\/index.php?rest_route=\/wp\/v2\/pages\/3693\/revisions"}],"predecessor-version":[{"id":5255,"href":"https:\/\/socsluzbymc12.cz\/index.php?rest_route=\/wp\/v2\/pages\/3693\/revisions\/5255"}],"wp:attachment":[{"href":"https:\/\/socsluzbymc12.cz\/index.php?rest_route=%2Fwp%2Fv2%2Fmedia&parent=3693"}],"curies":[{"name":"wp","href":"https:\/\/api.w.org\/{rel}","templated":true}]}}