{"id":3953,"date":"2023-01-23T14:15:05","date_gmt":"2023-01-23T13:15:05","guid":{"rendered":"http:\/\/socsluzbymc12.cz\/?page_id=3953"},"modified":"2023-03-03T16:24:02","modified_gmt":"2023-03-03T15:24:02","slug":"skolni-jidelny-vydejny-pro-seniory","status":"publish","type":"page","link":"https:\/\/socsluzbymc12.cz\/?page_id=3953","title":{"rendered":"\u0160koln\u00ed j\u00eddelny &#8211; v\u00fddejny pro seniory"},"content":{"rendered":"\n    \n    <section class=\"u-clearfix u-palette-1-light-3 u-section-2\" id=\"sec-32c0\">\n      <div class=\"u-clearfix u-sheet u-sheet-1\">\n        <div class=\"u-clearfix u-expanded-width u-layout-wrap u-layout-wrap-1\">\n          <div class=\"u-layout\">\n            <div class=\"u-layout-row\">\n              <div class=\"u-container-style u-layout-cell u-left-cell u-size-30 u-layout-cell-1\">\n                <div class=\"u-container-layout u-valign-top u-container-layout-1\">\n                  <h1 class=\"u-text u-title u-text-1\">\u0160koln\u00ed j\u00eddelny - ob\u011bdy pro seniory <br>\n                  <\/h1>\n                  <div class=\"u-border-6 u-border-grey-dark-1 u-line u-line-horizontal u-line-1\"><\/div>\n                <\/div>\n              <\/div>\n              <div class=\"u-container-style u-layout-cell u-palette-1-light-2 u-radius-15 u-right-cell u-shape-round u-size-30 u-layout-cell-2\">\n                <div class=\"u-container-layout u-valign-top u-container-layout-2\">\n                  <p class=\"u-text u-text-black u-text-2\">\n                    <span style=\"font-weight: 700;\">Senio\u0159\u00ed m\u011bstsk\u00e9 \u010d\u00e1sti Praha 12 mohou vyu\u017e\u00edt nab\u00eddky ob\u011bd\u016f ze z\u00e1kladn\u00edch \u0161kol s mo\u017enost\u00ed osobn\u00edho vyzvednut\u00ed pop\u0159. konzumace v j\u00eddeln\u011b<\/span>\n                    <span style=\"font-weight: 700;\">. <\/span>\n                    <br>\n                    <br>Seznam:<br>\n                    <br>1. Z\u0160 profesora \u0160vejcara - j\u00eddlo s sebou<br>Mr\u00e1\u010dkova 3090\/2, 143 00 Praha, Mod\u0159any<br>\n                    <br>2. Z\u0160 Rakovsk\u00e9ho - j\u00eddlo s sebou nebo konzumace v j\u00eddeln\u011b<br>Rakovsk\u00e9ho 3136\/1, 143 00 Praha, Mod\u0159any<br>\n                    <br>3. Z\u0160 Z\u00e1rubova - j\u00eddlo s sebou<br>Z\u00e1rubova 977\/17, 142 00  Praha, Kam\u00fdk<br>\n                    <br>Pro aktu\u00e1ln\u00ed volnou kapacitu a cenu ob\u011bdu pros\u00edm kontaktujte zvolenou z\u00e1kladn\u00ed \u0161kolu.<br>\n                  <\/p>\n                <\/div>\n              <\/div>\n            <\/div>\n          <\/div>\n        <\/div>\n      <\/div>\n    <\/section>\n    \n    \n  \n","protected":false},"excerpt":{"rendered":"<p>\u0160koln\u00ed j\u00eddelny &#8211; ob\u011bdy pro seniory Senio\u0159\u00ed m\u011bstsk\u00e9 \u010d\u00e1sti Praha 12 mohou vyu\u017e\u00edt nab\u00eddky ob\u011bd\u016f ze z\u00e1kladn\u00edch \u0161kol s mo\u017enost\u00ed osobn\u00edho vyzvednut\u00ed pop\u0159. konzumace v j\u00eddeln\u011b . Seznam: 1. Z\u0160 profesora \u0160vejcara &#8211; j\u00eddlo s sebouMr\u00e1\u010dkova 3090\/2, 143 00 Praha, Mod\u0159any 2. Z\u0160 Rakovsk\u00e9ho &#8211; j\u00eddlo s sebou nebo konzumace v j\u00eddeln\u011bRakovsk\u00e9ho 3136\/1, 143 00 &hellip; <a href=\"https:\/\/socsluzbymc12.cz\/?page_id=3953\" class=\"more-link\">Continue reading<span class=\"screen-reader-text\"> &#8222;\u0160koln\u00ed j\u00eddelny &#8211; v\u00fddejny pro seniory&#8220;<\/span><\/a><\/p>\n","protected":false},"author":1,"featured_media":0,"parent":0,"menu_order":0,"comment_status":"closed","ping_status":"closed","template":"","meta":{"footnotes":""},"class_list":["post-3953","page","type-page","status-publish","hentry"],"_links":{"self":[{"href":"https:\/\/socsluzbymc12.cz\/index.php?rest_route=\/wp\/v2\/pages\/3953","targetHints":{"allow":["GET"]}}],"collection":[{"href":"https:\/\/socsluzbymc12.cz\/index.php?rest_route=\/wp\/v2\/pages"}],"about":[{"href":"https:\/\/socsluzbymc12.cz\/index.php?rest_route=\/wp\/v2\/types\/page"}],"author":[{"embeddable":true,"href":"https:\/\/socsluzbymc12.cz\/index.php?rest_route=\/wp\/v2\/users\/1"}],"replies":[{"embeddable":true,"href":"https:\/\/socsluzbymc12.cz\/index.php?rest_route=%2Fwp%2Fv2%2Fcomments&post=3953"}],"version-history":[{"count":6,"href":"https:\/\/socsluzbymc12.cz\/index.php?rest_route=\/wp\/v2\/pages\/3953\/revisions"}],"predecessor-version":[{"id":4067,"href":"https:\/\/socsluzbymc12.cz\/index.php?rest_route=\/wp\/v2\/pages\/3953\/revisions\/4067"}],"wp:attachment":[{"href":"https:\/\/socsluzbymc12.cz\/index.php?rest_route=%2Fwp%2Fv2%2Fmedia&parent=3953"}],"curies":[{"name":"wp","href":"https:\/\/api.w.org\/{rel}","templated":true}]}}