{"id":4826,"date":"2024-11-04T11:42:59","date_gmt":"2024-11-04T10:42:59","guid":{"rendered":"https:\/\/socsluzbymc12.cz\/?page_id=4826"},"modified":"2026-04-02T10:59:57","modified_gmt":"2026-04-02T08:59:57","slug":"komunitni-centrum-cilkova","status":"publish","type":"page","link":"https:\/\/socsluzbymc12.cz\/?page_id=4826","title":{"rendered":"Komunitn\u00ed centrum C\u00edlkova"},"content":{"rendered":"\n    \n    <section class=\"u-clearfix u-container-align-center u-palette-1-light-3 u-section-2\" id=\"sec-a483\">\n      <div class=\"u-clearfix u-sheet u-sheet-1\">\n        <div class=\"data-layout-selected u-clearfix u-expanded-width u-gutter-0 u-layout-wrap u-layout-wrap-1\">\n          <div class=\"u-layout\" style=\"\">\n            <div class=\"u-layout-row\" style=\"\">\n              <div class=\"u-align-center u-container-style u-layout-cell u-left-cell u-palette-1-light-3 u-size-30 u-size-xs-60 u-layout-cell-1\" src=\"\">\n                <div class=\"u-container-layout u-container-layout-1\">\n                  <h1 class=\"u-text u-text-default u-title u-text-1\">Komunitn\u00ed centrum C\u00edlkova<br>\n                  <\/h1>\n                  <p class=\"u-text u-text-default u-text-2\">\n                    <span style=\"font-weight: 700;\">Vedouc\u00ed centra:<\/span> Kate\u0159ina Vonkov\u00e1<br>\n                  <\/p>\n                  <p class=\"u-text u-text-default u-text-3\">\n                    <span style=\"font-weight: 700;\"> Koordin\u00e1tor centra:<\/span> Josefa Charlota Hokyn\u00e1\u0159ov\u00e1\n                  <\/p>\n                  <p class=\"u-text u-text-default u-text-4\"><span class=\"u-file-icon u-icon\"><img decoding=\"async\" src=\"https:\/\/www.cilkova.cz\/wp-content\/uploads\/2024\/11\/8113.png\" alt=\"\"><\/span> &nbsp;&nbsp;222 250 852 ,&nbsp;info@cilkova.cz\n                  <\/p>\n                  <p class=\"u-text u-text-default u-text-5\">\n                    <a class=\"u-active-none u-border-none u-btn u-button-link u-button-style u-hover-none u-none u-text-palette-1-base u-btn-1\" href=\"http:\/\/www.cilkova.cz\">www.cilkova.cz<\/a>\n                  <\/p>\n                <\/div>\n              <\/div>\n              <div class=\"u-align-center u-container-style u-layout-cell u-palette-1-light-2 u-radius u-right-cell u-shape-round u-size-30 u-size-xs-60 u-layout-cell-2\" src=\"\">\n                <div class=\"u-container-layout u-container-layout-2\" src=\"\">\n                  <p class=\"u-align-left u-text u-text-default u-text-6\">\n                    <span style=\"font-size: 1.25rem; font-style: italic; font-weight: 700;\"> Posl\u00e1n\u00ed komunitn\u00edho centra C\u00edlkova <\/span>\n                    <br>\n                    <br>\n                    <br>\n                    <span style=\"font-weight: 700;\">Co chceme provozovat?<\/span>\n                    <br>\n                    <br>M\u00edsto pln\u00e9 z\u00e1bavy, kultury a vzd\u011bl\u00e1v\u00e1n\u00ed, kter\u00e9 \nnapom\u00e1h\u00e1 rozv\u00edjet kreativn\u00ed p\u0159\u00edstup k \u017eivotu. M\u00edsto, kde je p\u0159\u00edjemn\u00e9 \npob\u00fdvat a setk\u00e1vat se s jin\u00fdmi lidmi, kte\u0159\u00ed sd\u00edlej\u00ed spole\u010dn\u00e9 hodnoty a \nz\u00e1jmy, maj\u00ed z\u00e1jem spolu komunikovat, pracovat na sob\u011b a zlep\u0161ovat vztahy\n mezi lidmi. <br>\n                    <br>\n                    <br>\n                    <span style=\"font-weight: 700;\">\n                      <br> Co je na\u0161\u00edm c\u00edlem?\n                    <\/span>\n                    <br>\n                    <br>P\u0159\u00edjemn\u00e9 a otev\u0159en\u00e9 z\u00e1zem\u00ed, kter\u00e9 slou\u017e\u00ed cel\u00e9 \nkomunit\u011b, poskytuje pestrou nab\u00eddku kvalitn\u00edch vzd\u011bl\u00e1vac\u00edch a kulturn\u00edch\n aktivit a z\u00e1kladn\u00edho soci\u00e1ln\u00edho poradenstv\u00ed.<br>\n                    <br>\n                    <br>\n                    <br>\n                    <span style=\"font-weight: 700;\">Komu jsou na\u0161e aktivity ur\u010deny?<\/span>\n                    <br>\n                    <br>C\u00edlov\u00e1 skupina je \u0161irok\u00e1 a m\u016f\u017ee zasahovat do v\u0161ech \nv\u011bkov\u00fdch skupin. Zvl\u00e1\u0161tn\u00ed skupinu pro n\u00e1s p\u0159edstavuj\u00ed senio\u0159i, kter\u00fdm \nprost\u0159ednictv\u00edm na\u0161ich aktivit nab\u00edz\u00edme mo\u017enost p\u0159\u00edjemn\u011b a smyslupln\u011b \ntr\u00e1vit \u010das. <br>\n                    <br>\n                    <br>\n                    <br>\n                    <span style=\"font-weight: 700;\">Co nab\u00edz\u00edme?<\/span>\n                    <br>\n                    <br>Pravideln\u00e9 aktivity a \u010dinnosti:<br>&nbsp;Zp\u011bv \u2013 p\u011bveck\u00fd sbor<br>&nbsp;Ru\u010dn\u00ed pr\u00e1ce<br>&nbsp;Tr\u00e9nov\u00e1n\u00ed pam\u011bti<br>&nbsp;V\u00fduka angli\u010dtiny<br>&nbsp;J\u00f3ga pro seniory<br>&nbsp;Cvi\u010den\u00ed pro seniory<br>&nbsp;Klub pro osam\u011bl\u00e9 seniory<br>&nbsp;Pr\u00e1vn\u00ed poradnu<br>&nbsp;Poradnu pro pe\u010duj\u00edc\u00ed osoby<br>&nbsp;Gymnastika my\u0161len\u00ed<br>&nbsp;Z\u00e1klady malov\u00e1n\u00ed a kreslen\u00ed<br>\n                    <br>\n                    <br>\n                    <br>\n                    <span style=\"font-weight: 700;\">Dal\u0161\u00ed aktivity:<\/span>\n                    <br>\n                    <br>\n                    <span style=\"font-weight: 700;\">P\u0159edn\u00e1\u0161ky <\/span>\n                    <br>T\u00e9mata vol\u00edme tak, aby byla zaj\u00edmav\u00e1 a inspiruj\u00edc\u00ed \u2013 nap\u0159. o p\u0159\u00edrod\u011b, historii, psan\u00ed rodokmen\u016f, doprav\u011b a jin\u00e9<br>\n                    <br>\n                    <span style=\"font-weight: 700;\">Mezigenera\u010dn\u00ed program <\/span>\n                    <br>Setk\u00e1v\u00e1n\u00ed senior\u016f, d\u011bt\u00ed a ml\u00e1de\u017ee p\u0159in\u00e1\u0161ej\u00edc\u00ed radost a mo\u017enost spole\u010dn\u011b si pov\u00eddat, spole\u010dn\u011b n\u011bco vyrobit, p\u0159edv\u00e9st. <br>\n                    <br>Spole\u010dn\u00e9 oslavy nejr\u016fzn\u011bj\u0161\u00edch p\u0159\u00edle\u017eitost\u00ed \u2013 Velikonoce, V\u00e1noce a v\u0161echny mo\u017en\u00e9 dal\u0161\u00ed<br>\n                    <br>Spolu je n\u00e1m toti\u017e l\u00e9pe.\n                  <\/p>\n                <\/div>\n              <\/div>\n            <\/div>\n          <\/div>\n        <\/div>\n      <\/div>\n    <\/section>\n    \n    \n    \n  \n","protected":false},"excerpt":{"rendered":"<p>Komunitn\u00ed centrum C\u00edlkova Vedouc\u00ed centra: Kate\u0159ina Vonkov\u00e1 Koordin\u00e1tor centra: Josefa Charlota Hokyn\u00e1\u0159ov\u00e1 &nbsp;&nbsp;222 250 852 ,&nbsp;info@cilkova.cz www.cilkova.cz Posl\u00e1n\u00ed komunitn\u00edho centra C\u00edlkova Co chceme provozovat? M\u00edsto pln\u00e9 z\u00e1bavy, kultury a vzd\u011bl\u00e1v\u00e1n\u00ed, kter\u00e9 napom\u00e1h\u00e1 rozv\u00edjet kreativn\u00ed p\u0159\u00edstup k \u017eivotu. M\u00edsto, kde je p\u0159\u00edjemn\u00e9 pob\u00fdvat a setk\u00e1vat se s jin\u00fdmi lidmi, kte\u0159\u00ed sd\u00edlej\u00ed spole\u010dn\u00e9 hodnoty a z\u00e1jmy, maj\u00ed &hellip; <a href=\"https:\/\/socsluzbymc12.cz\/?page_id=4826\" class=\"more-link\">Continue reading<span class=\"screen-reader-text\"> &#8222;Komunitn\u00ed centrum C\u00edlkova&#8220;<\/span><\/a><\/p>\n","protected":false},"author":1,"featured_media":0,"parent":0,"menu_order":0,"comment_status":"closed","ping_status":"closed","template":"","meta":{"footnotes":""},"class_list":["post-4826","page","type-page","status-publish","hentry"],"_links":{"self":[{"href":"https:\/\/socsluzbymc12.cz\/index.php?rest_route=\/wp\/v2\/pages\/4826","targetHints":{"allow":["GET"]}}],"collection":[{"href":"https:\/\/socsluzbymc12.cz\/index.php?rest_route=\/wp\/v2\/pages"}],"about":[{"href":"https:\/\/socsluzbymc12.cz\/index.php?rest_route=\/wp\/v2\/types\/page"}],"author":[{"embeddable":true,"href":"https:\/\/socsluzbymc12.cz\/index.php?rest_route=\/wp\/v2\/users\/1"}],"replies":[{"embeddable":true,"href":"https:\/\/socsluzbymc12.cz\/index.php?rest_route=%2Fwp%2Fv2%2Fcomments&post=4826"}],"version-history":[{"count":6,"href":"https:\/\/socsluzbymc12.cz\/index.php?rest_route=\/wp\/v2\/pages\/4826\/revisions"}],"predecessor-version":[{"id":5509,"href":"https:\/\/socsluzbymc12.cz\/index.php?rest_route=\/wp\/v2\/pages\/4826\/revisions\/5509"}],"wp:attachment":[{"href":"https:\/\/socsluzbymc12.cz\/index.php?rest_route=%2Fwp%2Fv2%2Fmedia&parent=4826"}],"curies":[{"name":"wp","href":"https:\/\/api.w.org\/{rel}","templated":true}]}}