{"id":5267,"date":"2025-08-13T12:20:44","date_gmt":"2025-08-13T10:20:44","guid":{"rendered":"https:\/\/socsluzbymc12.cz\/?page_id=5267"},"modified":"2025-08-13T13:05:45","modified_gmt":"2025-08-13T11:05:45","slug":"vyzvy-projekty","status":"publish","type":"page","link":"https:\/\/socsluzbymc12.cz\/?page_id=5267","title":{"rendered":"V\u00fdzvy\/Projekty"},"content":{"rendered":"\n    \n    <section class=\"u-align-center u-clearfix u-palette-1-light-3 u-section-2\" id=\"sec-dee8\">\n      <div class=\"u-clearfix u-sheet u-sheet-1\">\n        <h1 class=\"u-align-center u-text u-title u-text-1\">\n          <a class=\"u-active-none u-border-none u-btn u-button-link u-button-style u-hover-none u-none u-text-palette-1-base u-btn-1\" href=\"https:\/\/www.mpsv.cz\/vyzva-c.-31_22_019-nakup-nizkoemisnich-vozidel-pro-socialni-sluzby\">\n            <br>\n            <br>\n            <br>\n            <br>\n            <br> V\u00fdzva \u010d. 31_22_019 \u2013 N\u00e1kup n\u00edzkoemisn\u00edch vozidel pro soci\u00e1ln\u00ed slu\u017eby\n          <\/a>\n        <\/h1>\n        <img decoding=\"async\" class=\"u-expanded-width u-image u-image-contain u-image-default u-image-1\" src=\"https:\/\/socsluzbymc12.cz\/wp-content\/uploads\/2025\/08\/obrazek.png\" alt=\"\" data-image-width=\"545\" data-image-height=\"186\">\n        <p class=\"u-align-left u-text u-text-default u-text-2\">Z v\u00fdzvy byl po\u0159\u00edzen nov\u00fd n\u00edzkoemisn\u00ed automobil Nissan Townstar. Vozidlo bude vyu\u017e\u00edv\u00e1no pro pe\u010dovatelsk\u00e9 slu\u017eby.<br>\n          <br>V r\u00e1mci ter\u00e9nn\u00ed pe\u010dovatelsk\u00e9 slu\u017eby slou\u017e\u00ed pro:&nbsp;<br>\n          <br>-\trozvozy ob\u011bd\u016f na \u00fazem\u00ed m\u011bstsk\u00e9 \u010d\u00e1sti Prahy 12. Ob\u011bdy jsou rozv\u00e1\u017eeny do dom\u00e1cnost\u00ed klient\u016f po cel\u00e9m \u00fazem\u00ed M\u010c Praha 12 a z\u00e1rove\u0148 do v\u00fddejny ob\u011bd\u016f v Dom\u011b s pe\u010dovatelskou slu\u017ebou Olbramovick\u00e1 703, Praha 4.&nbsp;<br>\n          <br>D\u00e1le je vyu\u017e\u00edv\u00e1no pro dal\u0161\u00ed \u00fakony:<br>\n          <br>-\t\u00fakony spojen\u00e9 s prac\u00ed soci\u00e1ln\u00edch pracovn\u00edk\u016f, jako jsou doprovody klient\u016f k l\u00e9ka\u0159i, na jedn\u00e1n\u00ed se st\u00e1tn\u00edmi institucemi, k soci\u00e1ln\u00edm \u0161et\u0159en\u00edm atd. <br>-\t\u00fakony spojen\u00e9 s prac\u00ed pe\u010dovatelek: mal\u00e9\/velk\u00e9 n\u00e1kupy, don\u00e1\u0161ka vody, pran\u00ed pr\u00e1dla atd.<br>&nbsp;<br>\n          <br>\n        <\/p>\n        <img decoding=\"async\" class=\"u-image u-image-default u-image-2\" src=\"https:\/\/socsluzbymc12.cz\/wp-content\/uploads\/2025\/08\/Foto.jpg\" alt=\"\" data-image-width=\"2040\" data-image-height=\"1530\">\n        <img decoding=\"async\" class=\"u-image u-image-default u-image-3\" src=\"https:\/\/socsluzbymc12.cz\/wp-content\/uploads\/2025\/08\/Foto3.jpg\" alt=\"\" data-image-width=\"2040\" data-image-height=\"1530\">\n      <\/div>\n    <\/section>\n    \n    \n    \n  \n","protected":false},"excerpt":{"rendered":"<p>V\u00fdzva \u010d. 31_22_019 \u2013 N\u00e1kup n\u00edzkoemisn\u00edch vozidel pro soci\u00e1ln\u00ed slu\u017eby Z v\u00fdzvy byl po\u0159\u00edzen nov\u00fd n\u00edzkoemisn\u00ed automobil Nissan Townstar. Vozidlo bude vyu\u017e\u00edv\u00e1no pro pe\u010dovatelsk\u00e9 slu\u017eby. V r\u00e1mci ter\u00e9nn\u00ed pe\u010dovatelsk\u00e9 slu\u017eby slou\u017e\u00ed pro:&nbsp; &#8211; rozvozy ob\u011bd\u016f na \u00fazem\u00ed m\u011bstsk\u00e9 \u010d\u00e1sti Prahy 12. Ob\u011bdy jsou rozv\u00e1\u017eeny do dom\u00e1cnost\u00ed klient\u016f po cel\u00e9m \u00fazem\u00ed M\u010c Praha 12 a z\u00e1rove\u0148 &hellip; <a href=\"https:\/\/socsluzbymc12.cz\/?page_id=5267\" class=\"more-link\">Continue reading<span class=\"screen-reader-text\"> &#8222;V\u00fdzvy\/Projekty&#8220;<\/span><\/a><\/p>\n","protected":false},"author":1,"featured_media":0,"parent":0,"menu_order":0,"comment_status":"closed","ping_status":"closed","template":"","meta":{"footnotes":""},"class_list":["post-5267","page","type-page","status-publish","hentry"],"_links":{"self":[{"href":"https:\/\/socsluzbymc12.cz\/index.php?rest_route=\/wp\/v2\/pages\/5267","targetHints":{"allow":["GET"]}}],"collection":[{"href":"https:\/\/socsluzbymc12.cz\/index.php?rest_route=\/wp\/v2\/pages"}],"about":[{"href":"https:\/\/socsluzbymc12.cz\/index.php?rest_route=\/wp\/v2\/types\/page"}],"author":[{"embeddable":true,"href":"https:\/\/socsluzbymc12.cz\/index.php?rest_route=\/wp\/v2\/users\/1"}],"replies":[{"embeddable":true,"href":"https:\/\/socsluzbymc12.cz\/index.php?rest_route=%2Fwp%2Fv2%2Fcomments&post=5267"}],"version-history":[{"count":6,"href":"https:\/\/socsluzbymc12.cz\/index.php?rest_route=\/wp\/v2\/pages\/5267\/revisions"}],"predecessor-version":[{"id":5321,"href":"https:\/\/socsluzbymc12.cz\/index.php?rest_route=\/wp\/v2\/pages\/5267\/revisions\/5321"}],"wp:attachment":[{"href":"https:\/\/socsluzbymc12.cz\/index.php?rest_route=%2Fwp%2Fv2%2Fmedia&parent=5267"}],"curies":[{"name":"wp","href":"https:\/\/api.w.org\/{rel}","templated":true}]}}